{"id":6,"date":"2020-07-14T19:56:30","date_gmt":"2020-07-14T17:56:30","guid":{"rendered":"http:\/\/przelom.pro\/?page_id=6"},"modified":"2023-07-01T15:03:10","modified_gmt":"2023-07-01T13:03:10","slug":"szkolenia","status":"publish","type":"page","link":"https:\/\/przelom.pro\/index.php\/szkolenia\/","title":{"rendered":"szkolenia"},"content":{"rendered":"\n<p style=\"text-align:justify;\">Prowadzone przez nas szkolenia opieraj\u0105 si\u0119 na wiedzy zdobytej przez przedstawicieli nauk behawioralnych: analizy zachowania, kontekstualnych nauk behawioralnych, ekonomii behawioralnej. Omawiane rozwi\u0105zania nale\u017c\u0105 wi\u0119c do grupy opartych na dowodach naukowych (<i>evidence-based<\/i>). Oznacza to, \u017ce opieraj\u0105 si\u0119 na systematycznie formu\u0142owanych i weryfikowanych teoriach, kt\u00f3re nast\u0119pnie podlegaj\u0105 sprawdzeniu w wielu r\u00f3\u017cnych sytuacjach i \u015brodowiskach. To gwarancja, \u017ce ich rezultaty nie s\u0105 przypadkowe, a inwestycja w nie si\u0119 op\u0142aci.<\/p>\n<p style=\"text-align:justify;\">Nie tylko materia szkoleniowa opiera si\u0119 na zdobyczach nauki. Tak\u017ce nasz spos\u00f3b prowadzenia szkole\u0144 opiera si\u0119 na tej samej wiedzy &#8211; wiedzy o uczeniu. Organizujemy i przekazujemy materia\u0142 w taki spos\u00f3b, by Uczestnicy wynie\u015bli ze szkole\u0144 jak najwi\u0119ksze, konkretne zyski w postaci umiej\u0119tno\u015bci i wiedzy. Odwo\u0142ujemy si\u0119 do potwierdzonych mechanizm\u00f3w uczenia, kt\u00f3re u\u0142atwiaj\u0105 przyswajanie i utrzymanie informacji.<\/p>\n<p style=\"text-align:justify;\" id=\"lista\">Prze\u0142om oferuje nast\u0119puj\u0105ce szkolenia:<\/p>\n<ul style=\"text-align:justify;\">\n<li> <a href=\"https:\/\/przelom.pro\/index.php\/szkolenia\/motywacja-w-3h-3h\/\">Motywacja w 3h<\/a><\/li>\n<li> <a href=\"https:\/\/przelom.pro\/index.php\/szkolenia\/skuteczne-udzielanie-informacji-zwrotnej-3h\/\">Skuteczne udzielanie informacji zwrotnej (3h)<\/a><\/li>\n<li> <a href=\"https:\/\/przelom.pro\/index.php\/szkolenia\/skuteczne-dzialanie-w-oparciu-o-wartosci-8h\/\">Zaanga\u017cowanie w oparciu o warto\u015bci (warsztat; 3h)<\/a>\n<li> <a href=\"https:\/\/przelom.pro\/index.php\/szkolenia\/psychologiczne-techniki-relaksacji-warsztat-3h\/\">Psychologiczne techniki relaksacji (warsztat; 3h)<\/a><\/li>\n<li> <a href=\"https:\/\/przelom.pro\/?page_id=126\">Nagradzanie &#8211; jak skutecznie stosowa\u0107 nagrody i wzmocnienia (8h)<\/a><\/li>\n<li> <a href=\"https:\/\/przelom.pro\/?page_id=121\">Analiza System\u00f3w Wydajno\u015bci (8h)<\/a><\/li>\n<\/ul>\n\n\n\n<p><\/p>\n","protected":false},"excerpt":{"rendered":"<p>Prowadzone przez nas szkolenia opieraj\u0105 si\u0119 na wiedzy zdobytej przez przedstawicieli nauk behawioralnych: analizy zachowania, kontekstualnych nauk behawioralnych, ekonomii behawioralnej. Omawiane rozwi\u0105zania nale\u017c\u0105 wi\u0119c do grupy opartych na dowodach naukowych (evidence-based). Oznacza to, \u017ce opieraj\u0105 si\u0119 na systematycznie formu\u0142owanych i weryfikowanych teoriach, kt\u00f3re nast\u0119pnie podlegaj\u0105 sprawdzeniu w wielu r\u00f3\u017cnych sytuacjach i \u015brodowiskach. To gwarancja, \u017ce<a class=\"more-link\" href=\"https:\/\/przelom.pro\/index.php\/szkolenia\/\">Continue reading <span class=\"screen-reader-text\">&#8222;szkolenia&#8221;<\/span><\/a><\/p>\n","protected":false},"author":1,"featured_media":0,"parent":0,"menu_order":0,"comment_status":"closed","ping_status":"closed","template":"","meta":{"footnotes":""},"tags":[],"class_list":["post-6","page","type-page","status-publish","hentry"],"jetpack_sharing_enabled":true,"_links":{"self":[{"href":"https:\/\/przelom.pro\/index.php\/wp-json\/wp\/v2\/pages\/6","targetHints":{"allow":["GET"]}}],"collection":[{"href":"https:\/\/przelom.pro\/index.php\/wp-json\/wp\/v2\/pages"}],"about":[{"href":"https:\/\/przelom.pro\/index.php\/wp-json\/wp\/v2\/types\/page"}],"author":[{"embeddable":true,"href":"https:\/\/przelom.pro\/index.php\/wp-json\/wp\/v2\/users\/1"}],"replies":[{"embeddable":true,"href":"https:\/\/przelom.pro\/index.php\/wp-json\/wp\/v2\/comments?post=6"}],"version-history":[{"count":18,"href":"https:\/\/przelom.pro\/index.php\/wp-json\/wp\/v2\/pages\/6\/revisions"}],"predecessor-version":[{"id":174,"href":"https:\/\/przelom.pro\/index.php\/wp-json\/wp\/v2\/pages\/6\/revisions\/174"}],"wp:attachment":[{"href":"https:\/\/przelom.pro\/index.php\/wp-json\/wp\/v2\/media?parent=6"}],"wp:term":[{"taxonomy":"post_tag","embeddable":true,"href":"https:\/\/przelom.pro\/index.php\/wp-json\/wp\/v2\/tags?post=6"}],"curies":[{"name":"wp","href":"https:\/\/api.w.org\/{rel}","templated":true}]}}