{"id":52,"date":"2020-07-20T17:24:27","date_gmt":"2020-07-20T15:24:27","guid":{"rendered":"http:\/\/przelom.pro\/?page_id=52"},"modified":"2023-02-14T16:54:24","modified_gmt":"2023-02-14T15:54:24","slug":"pawel","status":"publish","type":"page","link":"https:\/\/przelom.pro\/index.php\/przelom\/pawel\/","title":{"rendered":"Pawe\u0142"},"content":{"rendered":"\n<figure class=\"wp-block-image size-large is-resized is-style-rounded\"><img loading=\"lazy\" decoding=\"async\" src=\"https:\/\/przelom.pro\/wp-content\/uploads\/2020\/07\/zlot2019-06-1-838x1024.jpg\" alt=\"\" class=\"wp-image-53\" width=\"128\" height=\"156\" srcset=\"https:\/\/przelom.pro\/wp-content\/uploads\/2020\/07\/zlot2019-06-1-838x1024.jpg 838w, https:\/\/przelom.pro\/wp-content\/uploads\/2020\/07\/zlot2019-06-1-246x300.jpg 246w, https:\/\/przelom.pro\/wp-content\/uploads\/2020\/07\/zlot2019-06-1-768x938.jpg 768w, https:\/\/przelom.pro\/wp-content\/uploads\/2020\/07\/zlot2019-06-1.jpg 1119w\" sizes=\"auto, (max-width: 128px) 100vw, 128px\" \/><\/figure>\n\n\n\n<p style=\"text-align:justify;\">Jestem z wykszta\u0142cenia, praktyki, przekonania i zainteresowa\u0144 &#8211; behawioryst\u0105. Pracowa\u0142em jako <a href=\"https:\/\/pltb.pl\" target=\"_blank\" rel=\"noopener noreferrer\">terapeuta behawioralny<\/a> os\u00f3b z autyzmem i niepe\u0142nosprawno\u015bci\u0105 intelektualn\u0105. Z czasem poszerzy\u0142em moje zainteresowania na wszystko to, co w analiza zachowania posiada w repertuarze, ale troch\u0119 zapomnia\u0142a: projektowanie dydaktyczne, analiz\u0119 wydajno\u015bci. Tak\u017ce o to, co nowego si\u0119 w niej pojawia, jak nurt <a href=\"https:\/\/acbs.pl\" target=\"_blank\" rel=\"noopener noreferrer\">elastyczno\u015bci psychologicznej<\/a>.<\/p>\n<p style=\"text-align:justify;\">Aktualnie prowadz\u0119 zaj\u0119cia akademickie z zakresu analizy zachowania, szkol\u0119 w terapii behawioralnej oraz analizie zachowania w organizacjach i prowadz\u0119 coaching oparty na sprawdzonych, opartych na dowodach i dekadach do\u015bwiadczenia &#8211; technikach modyfikacji zachowania. Jestem cz\u0142onkiem Zarz\u0105du Polskiego Stowarzyszenia Terapii Behawioralnej, nale\u017c\u0119 tak\u017ce do Polskiego Towarzystwa Psychologii Behawioralnej. Wcze\u015bniej tak\u017ce do OBM Network i International Society for Performance Improvement.<\/p>\n<p style=\"text-align:justify;\">Interesuj\u0119 si\u0119:<\/p>\n<ul style=\"text-align:justify;\">\n<li> analiz\u0105 system\u00f3w behawioralnych,<\/li>\n<li> tworzeniem system\u00f3w motywacyjnych,<\/li>\n<li> zastosowaniem narz\u0119dzi behawioralnych w przyw\u00f3dztwie,<\/li>\n<li> samozarz\u0105dzaniem,<\/li>\n<li> technikami relaksacji,<\/li>\n<li> technikami zmiany nawyk\u00f3w i uczenia si\u0119,<\/li>\n<li> ekonomi\u0105 behawioraln\u0105,<\/li>\n<li> ewolucyjnym rozumieniem warunkowania sprawczego,<\/li>\n<li> medytacj\u0105, zw\u0142aszcza absorpcjami (transami, <em>jhanami<\/em>) i ewentualnie uwa\u017cno\u015bci\u0105.<\/li>\n<\/ul>\n","protected":false},"excerpt":{"rendered":"<p>Jestem z wykszta\u0142cenia, praktyki, przekonania i zainteresowa\u0144 &#8211; behawioryst\u0105. Pracowa\u0142em jako terapeuta behawioralny os\u00f3b z autyzmem i niepe\u0142nosprawno\u015bci\u0105 intelektualn\u0105. Z czasem poszerzy\u0142em moje zainteresowania na wszystko to, co w analiza zachowania posiada w repertuarze, ale troch\u0119 zapomnia\u0142a: projektowanie dydaktyczne, analiz\u0119 wydajno\u015bci. Tak\u017ce o to, co nowego si\u0119 w niej pojawia, jak nurt elastyczno\u015bci psychologicznej. Aktualnie<a class=\"more-link\" href=\"https:\/\/przelom.pro\/index.php\/przelom\/pawel\/\">Continue reading <span class=\"screen-reader-text\">&#8222;Pawe\u0142&#8221;<\/span><\/a><\/p>\n","protected":false},"author":1,"featured_media":0,"parent":11,"menu_order":0,"comment_status":"closed","ping_status":"closed","template":"","meta":{"footnotes":""},"tags":[],"class_list":["post-52","page","type-page","status-publish","hentry"],"jetpack_sharing_enabled":true,"_links":{"self":[{"href":"https:\/\/przelom.pro\/index.php\/wp-json\/wp\/v2\/pages\/52","targetHints":{"allow":["GET"]}}],"collection":[{"href":"https:\/\/przelom.pro\/index.php\/wp-json\/wp\/v2\/pages"}],"about":[{"href":"https:\/\/przelom.pro\/index.php\/wp-json\/wp\/v2\/types\/page"}],"author":[{"embeddable":true,"href":"https:\/\/przelom.pro\/index.php\/wp-json\/wp\/v2\/users\/1"}],"replies":[{"embeddable":true,"href":"https:\/\/przelom.pro\/index.php\/wp-json\/wp\/v2\/comments?post=52"}],"version-history":[{"count":11,"href":"https:\/\/przelom.pro\/index.php\/wp-json\/wp\/v2\/pages\/52\/revisions"}],"predecessor-version":[{"id":153,"href":"https:\/\/przelom.pro\/index.php\/wp-json\/wp\/v2\/pages\/52\/revisions\/153"}],"up":[{"embeddable":true,"href":"https:\/\/przelom.pro\/index.php\/wp-json\/wp\/v2\/pages\/11"}],"wp:attachment":[{"href":"https:\/\/przelom.pro\/index.php\/wp-json\/wp\/v2\/media?parent=52"}],"wp:term":[{"taxonomy":"post_tag","embeddable":true,"href":"https:\/\/przelom.pro\/index.php\/wp-json\/wp\/v2\/tags?post=52"}],"curies":[{"name":"wp","href":"https:\/\/api.w.org\/{rel}","templated":true}]}}